{"id":178,"date":"2023-07-26T08:19:46","date_gmt":"2023-07-26T08:19:46","guid":{"rendered":"https:\/\/www.nyedsjsk.se\/?page_id=178"},"modified":"2026-03-16T11:06:03","modified_gmt":"2026-03-16T11:06:03","slug":"agenda","status":"publish","type":"page","link":"https:\/\/www.nyedsjsk.se\/?page_id=178","title":{"rendered":"Agenda"},"content":{"rendered":"\n<p class=\"has-yellow-color has-text-color has-link-color has-large-font-size wp-elements-ce5ebfb3fadb4bc4c49de834b89ff311\">Hej alla Medlemmar.<\/p>\n\n\n\n<p class=\"has-yellow-color has-text-color has-link-color has-large-font-size wp-elements-03be659b5a77553193541e1582942e3c\">Den 11\/4 kl:10:00 \u00d6ppnar vi banan och h\u00e4nger p\u00e5 dom nya l\u00e5sen p\u00e5 Bommen och inskjutningsbanan och lilla boden vid skeetbanan.<\/p>\n\n\n\n<p class=\"has-yellow-color has-text-color has-link-color has-large-font-size wp-elements-6bd464b443da80aed18431911c3dc17b\">Mats m,m kommer att finnas d\u00e4r under dagen f\u00f6r dom som vill prova l\u00e5sen och registreras f\u00f6r Viltm\u00e5lsbanan och \u00e4lgbanan.<\/p>\n\n\n\n<p class=\"has-yellow-color has-text-color has-link-color has-large-font-size wp-elements-1c38efcc0693ff03cfcaee1e705ca242\">Den 18\/4 kl10:00 finns det ocks\u00e5 folk d\u00e4r under dagen f\u00f6r dom som vill rega sig f\u00f6r Viltm\u00e5lsbanan och \u00c4lgbanan.<\/p>\n\n\n\n<p class=\"has-yellow-color has-text-color has-link-color has-large-font-size wp-elements-9beb5569d077dddfc3b38b65aa66e211\">Den 25\/4 \u00c4r det Arbetsdag fr\u00e5n kl:10:00 och d\u00e5 skall \u00e4ven l\u00e5sen funka , och dom nya l\u00e5sen kommer att sitta p\u00e5 Bommen ,Inskjutningsbanan , Skeetboden , Vilm\u00e5lsbanan och \u00c4lgbanan.<\/p>\n\n\n\n<p class=\"has-yellow-color has-text-color has-link-color has-large-font-size wp-elements-f6cc4c1a7744f93d7aef7511f058287f\">Och till tornet och L\u00e5dan p\u00e5 skeetbanan och till Trappbanor s\u00e5 komer nycklar till l\u00e5s att h\u00e4nga i Boden vid skeetbanan d\u00e4r \u00e4ven lerduvor finnes. Och Nycklel till h\u00e4ngl\u00e5s d\u00f6rrar fram p\u00e5 skjutplats \u00c4lgban h\u00e4nges inne vid skjutplats.<\/p>\n\n\n\n<p class=\"has-yellow-color has-text-color has-link-color has-large-font-size wp-elements-52df0db0f227a825249468097441129b\">Mvh Ordf\u00f6rande<\/p>\n\n\n\n<p class=\"has-white-color has-text-color has-link-color has-large-font-size wp-elements-c3add68f0183bf23a8eaf909b73f800c\">Hej alla medlemmar nu har alla fakturor f\u00f6r Medlemsavgiften mailats ut , Kan alla som inte f\u00e5tt faktura eller medlemsutskick att snarast meddela sin mailadress och mobilnr. Och Maila detta till Info@nyedsjsk.se<\/p>\n\n\n\n<p class=\"has-white-color has-text-color has-link-color has-large-font-size wp-elements-4d632dc7786ff21135dad046bc8c1296\">Arbetsdagar: 25\/4-2026 kl:10:00 och den 15\/8-2026 kl:10:00<\/p>\n\n\n\n<p class=\"has-large-font-size\">Klubbm\u00e4sterskap: Klubbm\u00e4sterskap i klass 1 a 5 stationer den 9\/5 kl:11:00.  Och klubbm\u00e4sterskap i Hagel och 22LR den 29\/8 kl:11:00.<\/p>\n\n\n\n<p class=\"has-white-color has-text-color has-large-font-size\"><strong>OBS Ni m\u00e5ste st\u00e4nga och l\u00e5sa bommen efter er.<\/strong><\/p>\n","protected":false},"excerpt":{"rendered":"<p>Hej alla Medlemmar. Den 11\/4 kl:10:00 \u00d6ppnar vi banan och h\u00e4nger p\u00e5 dom nya l\u00e5sen p\u00e5 Bommen och inskjutningsbanan och lilla boden vid skeetbanan. Mats m,m kommer att finnas d\u00e4r under dagen f\u00f6r dom som<\/p>\n<p class=\"more-link\"><a href=\"https:\/\/www.nyedsjsk.se\/?page_id=178\" class=\"readmore\">Forts\u00e4tt l\u00e4sa<svg class=\"icon icon-arrow-right\" aria-hidden=\"true\" role=\"img\"> <use href=\"#icon-arrow-right\" xlink:href=\"#icon-arrow-right\"><\/use> <\/svg><span class=\"screen-reader-text\">Agenda<\/span><\/a><\/p>\n","protected":false},"author":1,"featured_media":0,"parent":0,"menu_order":0,"comment_status":"closed","ping_status":"closed","template":"","meta":{"footnotes":""},"class_list":["post-178","page","type-page","status-publish","hentry"],"_links":{"self":[{"href":"https:\/\/www.nyedsjsk.se\/index.php?rest_route=\/wp\/v2\/pages\/178","targetHints":{"allow":["GET"]}}],"collection":[{"href":"https:\/\/www.nyedsjsk.se\/index.php?rest_route=\/wp\/v2\/pages"}],"about":[{"href":"https:\/\/www.nyedsjsk.se\/index.php?rest_route=\/wp\/v2\/types\/page"}],"author":[{"embeddable":true,"href":"https:\/\/www.nyedsjsk.se\/index.php?rest_route=\/wp\/v2\/users\/1"}],"replies":[{"embeddable":true,"href":"https:\/\/www.nyedsjsk.se\/index.php?rest_route=%2Fwp%2Fv2%2Fcomments&post=178"}],"version-history":[{"count":37,"href":"https:\/\/www.nyedsjsk.se\/index.php?rest_route=\/wp\/v2\/pages\/178\/revisions"}],"predecessor-version":[{"id":426,"href":"https:\/\/www.nyedsjsk.se\/index.php?rest_route=\/wp\/v2\/pages\/178\/revisions\/426"}],"wp:attachment":[{"href":"https:\/\/www.nyedsjsk.se\/index.php?rest_route=%2Fwp%2Fv2%2Fmedia&parent=178"}],"curies":[{"name":"wp","href":"https:\/\/api.w.org\/{rel}","templated":true}]}}