{"id":80,"date":"2023-07-02T16:22:04","date_gmt":"2023-07-02T16:22:04","guid":{"rendered":"https:\/\/www.nyedsjsk.se\/?page_id=80"},"modified":"2025-07-31T12:10:48","modified_gmt":"2025-07-31T12:10:48","slug":"skjuttider","status":"publish","type":"page","link":"https:\/\/www.nyedsjsk.se\/?page_id=80","title":{"rendered":"SKJUTBANEINSTRUKTIONER."},"content":{"rendered":"\n<p class=\"has-dark-yellow-color has-text-color\">Ordf\u00f6rande Mats Gustafsson 0739242124<\/p>\n\n\n\n<p class=\"has-dark-yellow-color has-text-color\">Banchef Viktor Hellstr\u00f6m 0703295284 S\u00e4kerhetsansvarig Karl-Johan Johansson 0706426924<\/p>\n\n\n\n<p class=\"has-dark-yellow-color has-text-color\">Banan f\u00e5r anv\u00e4ndas av klubbens medlemmar, dom som hyr banan och inbjudna efter kontakt med styrelsen.<\/p>\n\n\n\n<p class=\"has-dark-yellow-color has-text-color has-large-font-size\"><strong>Skjuttider<\/strong>.<\/p>\n\n\n\n<p class=\"has-dark-yellow-color has-text-color\">M\u00e5ndag: Skjutf\u00f6rbud(undantag Viltm\u00e5lsbanan 22 lf)<\/p>\n\n\n\n<p class=\"has-dark-yellow-color has-text-color\">Tisdag: 08,00-21,00(Kula)<\/p>\n\n\n\n<p class=\"has-dark-yellow-color has-text-color\">Onsdag: 08,00-21,00 (J\u00e4garexamen)<\/p>\n\n\n\n<p class=\"has-dark-yellow-color has-text-color\">Torsdag: 8,00-21,00 (Hagel)<\/p>\n\n\n\n<p class=\"has-dark-yellow-color has-text-color\">Fredag: Skjutf\u00f6rbud (Undantag Viltm\u00e5lsbanan 22lf)<\/p>\n\n\n\n<p class=\"has-dark-yellow-color has-text-color\">L\u00f6rdag: 08,00-20,00 (Skjutf\u00f6rbud under Juli)<\/p>\n\n\n\n<p class=\"has-dark-yellow-color has-text-color\">S\u00f6ndag: 08,00-10,45 ,13,00-20,00 (Skjutf\u00f6rbud mellan 10,45-13,00 och under Juli)<\/p>\n\n\n\n<p class=\"has-dark-yellow-color has-text-color has-large-font-size\"><strong>Till\u00e5tna Vapen<\/strong>.<\/p>\n\n\n\n<p class=\"has-dark-yellow-color has-text-color\">Bana 1: Inskjutningsbanan Klass 1<\/p>\n\n\n\n<p class=\"has-dark-yellow-color has-text-color\">Bana 2: Viltm\u00e5lsbanan 50 Meter 22LF<\/p>\n\n\n\n<p class=\"has-dark-yellow-color has-text-color\">Bana 3: Skeetbana Hagelvapen<\/p>\n\n\n\n<p class=\"has-dark-yellow-color has-text-color\">Bana 4: Viltm\u00e5lsbanan 80 Meter Klass 1<\/p>\n\n\n\n<p class=\"has-dark-yellow-color has-text-color\">Bana 5: Nedre Trappbanan Hagelvapen<\/p>\n\n\n\n<p class=\"has-dark-yellow-color has-text-color\">Bana 6: \u00d6vre Trappbanan Hagelvapen<\/p>\n\n\n\n<p class=\"has-dark-yellow-color has-text-color\">N\u00e4r skjutning sker p\u00e5 3 (Skeet) f\u00e5r inte bana 4 anv\u00e4ndas (Viltm\u00e5lsbanan 80 meter och bana 2 (Viltm\u00e5lsbanan 50 meter 22lf) Anv\u00e4ndas.<\/p>\n\n\n\n<p class=\"has-dark-yellow-color has-text-color\"><strong>N\u00e4r skjutning sker p\u00e5 bana 4 (Viltm\u00e5lsbanan 80 meter) f\u00e5r inte bana 3 (Skeet) och bana 5 (Nedre Trappbanan) Anv\u00e4ndas.<\/strong><\/p>\n\n\n\n<p class=\"has-dark-yellow-color has-text-color\"><strong>N\u00e4r skjutning sker p\u00e5 bana 5 (Nedre Trappbanan) f\u00e5r inte bana 4 (viltm\u00e5lsbanan 80 meter) Anv\u00e4ndas.<\/strong><\/p>\n\n\n\n<p class=\"has-dark-yellow-color has-text-color\"><strong>N\u00e4r Skjutning p\u00e5g\u00e5r p\u00e5 Skeetbana och Viltm\u00e5lsbanan 80 meter  och Trappbanor skall v\u00e4gen som leder genom omr\u00e5det sp\u00e4rras av , Bommarna skall st\u00e4ngas n\u00e4r skjutning sker och \u00d6ppnas efter avslutad skjutning.<\/strong><\/p>\n\n\n\n<p class=\"has-dark-yellow-color has-text-color has-large-font-size\"><strong>*Skjutning endast mot M\u00e5lomr\u00e5de och p\u00e5 tavlor avsedda f\u00f6r \u00e4ndam\u00e5let.<\/strong><\/p>\n\n\n\n<p class=\"has-dark-yellow-color has-text-color has-large-font-size\"><strong>*F\u00f6rbjudet att skjuta mot r\u00f6d semafor.<\/strong><\/p>\n\n\n\n<p class=\"has-dark-yellow-color has-text-color has-large-font-size\"><strong>*Du f\u00e5r inte f\u00f6rflytta dig inom skjutomr\u00e5det med laddat vapen.<\/strong><\/p>\n\n\n\n<p class=\"has-dark-yellow-color has-text-color has-large-font-size\"><strong>*Laddning och patron ur sker p\u00e5 skjutplatsen.<\/strong><\/p>\n\n\n\n<p class=\"has-dark-yellow-color has-text-color has-large-font-size\"><strong>*Skott f\u00e5r inte avlossas med Helautomatiska vapen.<\/strong><\/p>\n\n\n\n<p class=\"has-dark-yellow-color has-text-color has-large-font-size\"><strong>*Skyddsglas\u00f6gon skall anv\u00e4ndas vid Hagel och Kulskytte.<\/strong><\/p>\n\n\n\n<p class=\"has-dark-yellow-color has-text-color has-large-font-size\"><strong>*Fyll p\u00e5 med lerduvor och ta med tomkartonger fr\u00e5n kastarhus m,m.<\/strong><\/p>\n\n\n\n<p class=\"has-dark-yellow-color has-text-color has-large-font-size\"><strong>*Efter avslutad skjutning skall tomhylsor och skr\u00e4p plockas upp och sl\u00e4ngas p\u00e5 d\u00e4rmed avsedd plats , Semaforer skall s\u00e4ttas p\u00e5 R\u00f6tt.<\/strong><\/p>\n","protected":false},"excerpt":{"rendered":"<p>Ordf\u00f6rande Mats Gustafsson 0739242124 Banchef Viktor Hellstr\u00f6m 0703295284 S\u00e4kerhetsansvarig Karl-Johan Johansson 0706426924 Banan f\u00e5r anv\u00e4ndas av klubbens medlemmar, dom som hyr banan och inbjudna efter kontakt med styrelsen. Skjuttider. M\u00e5ndag: Skjutf\u00f6rbud(undantag Viltm\u00e5lsbanan 22 lf) Tisdag:<\/p>\n<p class=\"more-link\"><a href=\"https:\/\/www.nyedsjsk.se\/?page_id=80\" class=\"readmore\">Forts\u00e4tt l\u00e4sa<svg class=\"icon icon-arrow-right\" aria-hidden=\"true\" role=\"img\"> <use href=\"#icon-arrow-right\" xlink:href=\"#icon-arrow-right\"><\/use> <\/svg><span class=\"screen-reader-text\">SKJUTBANEINSTRUKTIONER.<\/span><\/a><\/p>\n","protected":false},"author":1,"featured_media":0,"parent":0,"menu_order":0,"comment_status":"closed","ping_status":"closed","template":"","meta":{"footnotes":""},"class_list":["post-80","page","type-page","status-publish","hentry"],"_links":{"self":[{"href":"https:\/\/www.nyedsjsk.se\/index.php?rest_route=\/wp\/v2\/pages\/80","targetHints":{"allow":["GET"]}}],"collection":[{"href":"https:\/\/www.nyedsjsk.se\/index.php?rest_route=\/wp\/v2\/pages"}],"about":[{"href":"https:\/\/www.nyedsjsk.se\/index.php?rest_route=\/wp\/v2\/types\/page"}],"author":[{"embeddable":true,"href":"https:\/\/www.nyedsjsk.se\/index.php?rest_route=\/wp\/v2\/users\/1"}],"replies":[{"embeddable":true,"href":"https:\/\/www.nyedsjsk.se\/index.php?rest_route=%2Fwp%2Fv2%2Fcomments&post=80"}],"version-history":[{"count":16,"href":"https:\/\/www.nyedsjsk.se\/index.php?rest_route=\/wp\/v2\/pages\/80\/revisions"}],"predecessor-version":[{"id":396,"href":"https:\/\/www.nyedsjsk.se\/index.php?rest_route=\/wp\/v2\/pages\/80\/revisions\/396"}],"wp:attachment":[{"href":"https:\/\/www.nyedsjsk.se\/index.php?rest_route=%2Fwp%2Fv2%2Fmedia&parent=80"}],"curies":[{"name":"wp","href":"https:\/\/api.w.org\/{rel}","templated":true}]}}